{"id":677,"date":"2014-06-28T18:20:48","date_gmt":"2014-06-28T16:20:48","guid":{"rendered":"http:\/\/targsniadaniowy.pl\/kontakt-2\/"},"modified":"2022-04-04T10:18:39","modified_gmt":"2022-04-04T08:18:39","slug":"kontakt","status":"publish","type":"page","link":"https:\/\/targsniadaniowy.pl\/en\/kontakt\/","title":{"rendered":"Kontakt"},"content":{"rendered":"\r\n<p style=\"text-align: center;\">WARSZAWA<\/p>\r\n<p style=\"text-align: center;\">+48 508\u00a0121\u00a0891, +48 501 189 677<br \/><a href=\"mailto:kontakt@targsniadaniowy.pl\">kontakt@targsniadaniowy.pl<\/a><br \/>Polub nasz warszawski fanpage:<\/p>\r\n<p style=\"text-align: center;\"><a href=\"https:\/\/www.facebook.com\/targsniadaniowy\" target=\"_blank\" rel=\"noopener noreferrer\"><img class=\"alignnone wp-image-504 size-full aligncenter lazyload\" loading=\"lazy\" data-src=\"https:\/\/targsniadaniowy.pl\/wp-content\/uploads\/2014\/06\/fb-logo.png\" alt=\"\" width=\"10\" height=\"19\" \/><\/a><\/p>\r\n<p>&nbsp;<\/p>\r\n<p style=\"text-align: center;\">WYSTAWCY<br \/>Chcia\u0142by\u015b wystawi\u0107 si\u0119 na Targu \u015aniadaniowym?<br \/>Pisz do nas na: <a href=\"mailto:wystawcy@targsniadaniowy.pl\">wystawcy@targsniadaniowy.pl<\/a><br \/>Pobierz formularz zg\u0142oszeniowy i ode\u015blij do nas na powy\u017cszy adres:<\/p>\r\n<p>&nbsp;<\/p>\r\n<p style=\"text-align: center;\"><a href=\"https:\/\/targsniadaniowy.pl\/wp-content\/uploads\/2022\/04\/Nowy-formularz-online.pdf\" target=\"_blank\" rel=\"noopener noreferrer\"><img class=\"aligncenter wp-image-1326 size-full lazyload\"  loading=\"lazy\" data-src=\"https:\/\/targsniadaniowy.pl\/wp-content\/uploads\/2014\/06\/pdf-1.png\" alt=\"pdf\" width=\"90\" height=\"90\" \/><\/a><\/p>\r\n<p style=\"text-align: center;\"><a style=\"text-align: center;\" href=\"https:\/\/targsniadaniowy.pl\/wp-content\/uploads\/2022\/04\/Nowy-formularz-online.pdf\" target=\"_blank\" rel=\"noopener noreferrer\">Pobierz i wype\u0142nij<\/a><\/p>\r\n<p style=\"text-align: center;\">lub<\/p>\r\n<p style=\"text-align: center;\">\u00a0<a class=\"btn\" href=\"https:\/\/targsniadaniowy.pl\/formularz\/\" target=\"_blank\" rel=\"noopener noreferrer\">Z\u0142\u00f3\u017c wniosek online<\/a><br \/><br \/><\/p>\r\n<p>&nbsp;<\/p>\r\n<p style=\"text-align: center;\"><a class=\"btn\" href=\"https:\/\/targsniadaniowy.pl\/wp-content\/uploads\/2019\/06\/Targ-\u015aniadaniowy_Regulamin.pdf\" target=\"_blank\" rel=\"noopener noreferrer\">Regulamin<\/a><\/p>\r\n<p>&nbsp;<\/p>\r\n<p style=\"text-align: center;\">WSP\u00d3\u0141PRACA<br \/>Masz pomys\u0142 na wsp\u00f3\u0142prac\u0119? Chcesz zosta\u0107 partnerem Targu \u015aniadaniowego?<br \/>Pisz do nas na: <a href=\"mailto:wspolpraca@targsniadaniowy.pl\">wspolpraca@targsniadaniowy.pl<\/a><\/p>\r\n<p>&nbsp;<\/p>\r\n<p style=\"text-align: center;\">REKLAMA<br \/>Chcesz reklamowa\u0107 swoj\u0105 mark\u0119 w\u015br\u00f3d go\u015bci Targu?<br \/>Pisz do nas na: <a href=\"mailto:media@targsniadaniowy.pl\">media@targsniadaniowy.pl<\/a><\/p>\r\n<p>&nbsp;<\/p>\r\n<p style=\"text-align: center;\">PRACA<br \/>Marzy ci si\u0119 praca w naszym zespole?<br \/>Odezwij si\u0119 i zostaw CV na: <a href=\"mailto:praca@targsniadaniowy.pl\">praca@targsniadaniowy.pl<\/a><\/p>\r\n<p>&nbsp;<\/p>\r\n<p style=\"text-align: center;\">JEDNOSTKI SAMORZ\u0104DOWE<br \/>Reprezentujesz jednostk\u0119 samorz\u0105dow\u0105?<br \/>Targ \u015aniadaniowy animuje lokalne spo\u0142eczno\u015bci i o(d)\u017cywia w spos\u00f3b wielowymiarowy<br \/>miejskie przestrzenie. Skutecznie budujemy kapita\u0142 spo\u0142eczny na poziomie lokalnym.<br \/>Daj nam zna\u0107 co mo\u017cemy zrobi\u0107 dla Twojego miasta\/dzielnicy\/gminy:<br \/>+48 501 189 677<br \/><a href=\"mailto:kontakt@targsniadaniowy.pl\">kontakt@targsniadaniowy.pl<\/a><\/p>\r\n<p>&nbsp;<\/p>\r\n<p style=\"text-align: center;\">Lokalnie jest fajnie!<\/p>\r\n","protected":false},"excerpt":{"rendered":"<p>WARSZAWA +48 508\u00a0121\u00a0891, +48 501 189 677kontakt@targsniadaniowy.plPolub nasz warszawski fanpage: &nbsp; WYSTAWCYChcia\u0142by\u015b wystawi\u0107 si\u0119 na Targu \u015aniadaniowym?Pisz do nas na: wystawcy@targsniadaniowy.plPobierz formularz zg\u0142oszeniowy i ode\u015blij do nas na powy\u017cszy adres: &nbsp; Pobierz i wype\u0142nij lub \u00a0Z\u0142\u00f3\u017c wniosek online &nbsp; Regulamin &nbsp; WSP\u00d3\u0141PRACAMasz pomys\u0142 na wsp\u00f3\u0142prac\u0119? Chcesz zosta\u0107 partnerem Targu \u015aniadaniowego?Pisz do nas na: wspolpraca@targsniadaniowy.pl &nbsp; [&hellip;]<\/p>\n","protected":false},"author":1,"featured_media":0,"parent":0,"menu_order":0,"comment_status":"open","ping_status":"open","template":"","meta":[],"acf":[],"_links":{"self":[{"href":"https:\/\/targsniadaniowy.pl\/en\/wp-json\/wp\/v2\/pages\/677"}],"collection":[{"href":"https:\/\/targsniadaniowy.pl\/en\/wp-json\/wp\/v2\/pages"}],"about":[{"href":"https:\/\/targsniadaniowy.pl\/en\/wp-json\/wp\/v2\/types\/page"}],"author":[{"embeddable":true,"href":"https:\/\/targsniadaniowy.pl\/en\/wp-json\/wp\/v2\/users\/1"}],"replies":[{"embeddable":true,"href":"https:\/\/targsniadaniowy.pl\/en\/wp-json\/wp\/v2\/comments?post=677"}],"version-history":[{"count":5,"href":"https:\/\/targsniadaniowy.pl\/en\/wp-json\/wp\/v2\/pages\/677\/revisions"}],"predecessor-version":[{"id":2579,"href":"https:\/\/targsniadaniowy.pl\/en\/wp-json\/wp\/v2\/pages\/677\/revisions\/2579"}],"wp:attachment":[{"href":"https:\/\/targsniadaniowy.pl\/en\/wp-json\/wp\/v2\/media?parent=677"}],"curies":[{"name":"wp","href":"https:\/\/api.w.org\/{rel}","templated":true}]}}